{"id":285,"date":"2017-03-30T09:25:38","date_gmt":"2017-03-30T09:25:38","guid":{"rendered":"http:\/\/armdrew.pl\/?page_id=285"},"modified":"2017-05-03T21:47:35","modified_gmt":"2017-05-03T21:47:35","slug":"285-2","status":"publish","type":"page","link":"https:\/\/armdrew.dziadu.pl\/","title":{"rendered":""},"content":{"rendered":"<h1><span style=\"color: #333333; font-family: 'Comic Sans MS', sans-serif; font-size: 36pt;\">Witaj!<\/span><\/h1>\n<p><span style=\"font-size: 14pt;\">W 2010 roku zrodzi\u0142 si\u0119 pomys\u0142 produkcji urz\u0105dze\u0144 sanitarnych przy u\u017cyciu ludzkiego m\u00f3zgu i stalowych mi\u0119\u015bni\u00a0robot\u00f3w. Z pocz\u0105tku pomys\u0142 by\u0142 zawieszony w pr\u00f3\u017cni i\u017c nawet najbli\u017asi w\u0105tpili w istnienie tak, jak na tamten czas, niemo\u017cliwej i nieosi\u0105galnej wizji szalonego Nied\u017awiedzia.<\/span><\/p>\n<p><span style=\"font-size: 14pt;\">Stoicie moi mili przed pocz\u0105tkiem nowej ery producji urzadze\u0144 sanitarnych przy u\u017cyciu maszyn. Jedynym limitem\u00a0kt\u00f3rym\u00a0nie jeste\u015bmy w stanie wykona\u0107 dla Was jest wasza niesko\u0144czona wyobra\u017ania.<\/span><\/p>\n<p><span style=\"font-size: 14pt;\">Je\u017celi jeste\u015bcie na tyle kreatywni aby podnie\u015b\u0107 nam poprzeczk\u0119 to otwarcie stwierdzamy \u017ce jest jeszcze za nisko.<\/span><\/p>\n<p><span style=\"font-size: 14pt;\">Czekamy na wszelkie wyzwania!<\/span><\/p>\n<p><span style=\"font-size: 14pt;\">Pocz\u0105tki s\u0105 zawsze trudne ale z nami dokonacie niemo\u017cliwego.<\/span><\/p>\n<p><span style=\"font-size: 14pt;\">Nasze wyroby pow\u0119drowa\u0142y w daleki \u015awiat; pomimo wersji prototypowych\/testowych do USA, Niemczech, Belgii, kt\u00f3rej\u015b z cz\u0119\u015bci Polski&#8230; szczerze nie pami\u0119tamy gdzie jeszcze. Cieszy nas to \u017ce pomimo faz pr\u00f3bnych mamy tak pozytywny odd\u017awiek w\u015br\u00f3d naszych\u00a0szcz\u0119\u015bliwych nabywc\u00f3w.<\/span><\/p>\n<p><span style=\"font-size: 14pt;\">Unikatowy system obr\u00f3ki skrawania jak\u017ce znakomitego materia\u0142u na Ziemi, mianowicie drewna. Prawdopodobnie jako jedyni podj\u0119li\u015bmy si\u0119 tak szlachentego wyzwania aby nada\u0107 niesamowite kszta\u0142ty dla tego surowca.<\/span><\/p>\n<p><span style=\"font-size: 14pt;\">Po\u015bwi\u0119camy swoje \u017cycie, zdrowie a i przedewszystkim wk\u0142adamy serce w produkty kt\u00f3re tworzymy.<\/span><\/p>\n<p><span style=\"font-size: 14pt;\">Robimy to z pasj\u0105 i aby ta pajsa przek\u0142ada\u0142a si\u0119 na zadowolenie szcz\u0119\u015bliwich nabywc\u00f3w.<\/span><\/p>\n<p><span style=\"font-size: 14pt;\"><strong>Limitem naszych us\u0142ug w tej dziedzinie jest jedynie wyobra\u017ania. Pami\u0119tajcie!<\/strong><\/span><\/p>\n<p><span style=\"font-size: 14pt;\">Zapraszam do przegl\u0105dania naszej strony.<\/span><\/p>\n<p><script>\n  (function(i,s,o,g,r,a,m){i['GoogleAnalyticsObject']=r;i[r]=i[r]||function(){\n  (i[r].q=i[r].q||[]).push(arguments)},i[r].l=1*new Date();a=s.createElement(o),\n  m=s.getElementsByTagName(o)[0];a.async=1;a.src=g;m.parentNode.insertBefore(a,m)\n  })(window,document,'script','https:\/\/www.google-analytics.com\/analytics.js','ga');<\/p>\n<p>  ga('create', 'UA-96636315-1', 'auto');\n  ga('send', 'pageview');<\/p>\n<p><\/script><\/p>\n","protected":false},"excerpt":{"rendered":"<p>Witaj! W 2010 roku zrodzi\u0142 si\u0119 pomys\u0142 produkcji urz\u0105dze\u0144 sanitarnych przy u\u017cyciu ludzkiego m\u00f3zgu i stalowych mi\u0119\u015bni\u00a0robot\u00f3w. Z pocz\u0105tku pomys\u0142 by\u0142 zawieszony w pr\u00f3\u017cni i\u017c nawet najbli\u017asi w\u0105tpili w istnienie tak, jak na tamten czas, niemo\u017cliwej i nieosi\u0105galnej wizji szalonego Nied\u017awiedzia. Stoicie moi mili przed pocz\u0105tkiem nowej ery producji urzadze\u0144 sanitarnych przy u\u017cyciu maszyn. Jedynym &hellip; <a href=\"https:\/\/armdrew.dziadu.pl\/\" class=\"more-link\">Continue reading<span class=\"screen-reader-text\"> &#8220;&#8221;<\/span><\/a><\/p>\n","protected":false},"author":1,"featured_media":0,"parent":0,"menu_order":0,"comment_status":"closed","ping_status":"closed","template":"","meta":{"footnotes":""},"_links":{"self":[{"href":"https:\/\/armdrew.dziadu.pl\/index.php\/wp-json\/wp\/v2\/pages\/285"}],"collection":[{"href":"https:\/\/armdrew.dziadu.pl\/index.php\/wp-json\/wp\/v2\/pages"}],"about":[{"href":"https:\/\/armdrew.dziadu.pl\/index.php\/wp-json\/wp\/v2\/types\/page"}],"author":[{"embeddable":true,"href":"https:\/\/armdrew.dziadu.pl\/index.php\/wp-json\/wp\/v2\/users\/1"}],"replies":[{"embeddable":true,"href":"https:\/\/armdrew.dziadu.pl\/index.php\/wp-json\/wp\/v2\/comments?post=285"}],"version-history":[{"count":18,"href":"https:\/\/armdrew.dziadu.pl\/index.php\/wp-json\/wp\/v2\/pages\/285\/revisions"}],"predecessor-version":[{"id":290,"href":"https:\/\/armdrew.dziadu.pl\/index.php\/wp-json\/wp\/v2\/pages\/285\/revisions\/290"}],"wp:attachment":[{"href":"https:\/\/armdrew.dziadu.pl\/index.php\/wp-json\/wp\/v2\/media?parent=285"}],"curies":[{"name":"wp","href":"https:\/\/api.w.org\/{rel}","templated":true}]}}